{"id":4772,"date":"2014-09-01T11:32:02","date_gmt":"2014-09-01T11:32:02","guid":{"rendered":"http:\/\/artbees.net\/themes\/jupiter\/?page_id=4772"},"modified":"2025-11-07T15:12:43","modified_gmt":"2025-11-07T15:12:43","slug":"contact-fancy","status":"publish","type":"page","link":"https:\/\/lusomercado.com\/?page_id=4772","title":{"rendered":"Contactos"},"content":{"rendered":"[mk_page_section bg_color=&#8221;#474747&#8243; bg_stretch=&#8221;true&#8221; min_height=&#8221;0&#8243; full_height=&#8221;true&#8221; sidebar=&#8221;sidebar-1&#8243; first_page=&#8221;false&#8221; last_page=&#8221;false&#8221;][vc_column][mk_fancy_title color=&#8221;#ffffff&#8221; size=&#8221;28&#8243; font_weight=&#8221;bold&#8221; font_style=&#8221;inhert&#8221; txt_transform=&#8221;uppercase&#8221; letter_spacing=&#8221;6&#8243; margin_bottom=&#8221;0&#8243; font_family=&#8221;none&#8221; align=&#8221;center&#8221;]Contacte-nos[\/mk_fancy_title][mk_divider style=&#8221;thin_solid&#8221; divider_width=&#8221;custom_width&#8221; custom_width=&#8221;30&#8243; thickness=&#8221;3&#8243; margin_top=&#8221;30&#8243; margin_bottom=&#8221;30&#8243;][vc_column_text disable_pattern=&#8221;false&#8221; align=&#8221;center&#8221; margin_bottom=&#8221;60&#8243; css=&#8221;.vc_custom_1762528359413{margin-bottom: 60px !important;}&#8221;]<span style=\"color: #ffffff;\">Rua Te\u00f3filo Braga 15b<\/span><\/p>\n<p><span style=\"color: #ffffff;\">2730-181 Barcarena<\/span><\/p>\n<p style=\"color: white; line-height: 32px; font-size: 16px; letter-spacing: 1px;\">E-mail: <span style=\"color: #ffffff;\"><a style=\"color: #ffffff;\" href=\"mailto:lusomercado@gmail.com\">lusomercado@gmail.com<\/a><\/span><\/p>\n<p style=\"color: white; line-height: 32px; font-size: 16px; letter-spacing: 1px;\">Telefone: (+351) 213 463 765<\/p>\n<p style=\"color: white; line-height: 32px; font-size: 16px; letter-spacing: 1px;\">Fornecemos contacto\u00a0de emerg\u00eancia dispon\u00edvel 24h aos nossos parceiros.<\/p>\n[\/vc_column_text][vc_row_inner][vc_column_inner width=&#8221;1\/4&#8243;][vc_column_text][\/vc_column_text][\/vc_column_inner][vc_column_inner el_class=&#8221;cmk-center-align&#8221; width=&#8221;1\/2&#8243;][vc_column_text][\/vc_column_text][\/vc_column_inner][vc_column_inner width=&#8221;1\/4&#8243;][vc_column_text][\/vc_column_text][\/vc_column_inner][\/vc_row_inner][\/vc_column][\/mk_page_section][mk_page_section bg_color=&#8221;#292a2d&#8221; min_height=&#8221;0&#8243; full_height=&#8221;true&#8221; padding_top=&#8221;60&#8243; padding_bottom=&#8221;60&#8243; section_id=&#8221;msg&#8221; sidebar=&#8221;sidebar-1&#8243; first_page=&#8221;false&#8221; last_page=&#8221;false&#8221;][vc_column][mk_fancy_title color=&#8221;#ffffff&#8221; size=&#8221;20&#8243; font_weight=&#8221;bold&#8221; txt_transform=&#8221;uppercase&#8221; letter_spacing=&#8221;2&#8243; margin_bottom=&#8221;0&#8243; font_family=&#8221;none&#8221; align=&#8221;center&#8221;]ENVIE-NOS UMA MENSAGEM[\/mk_fancy_title][vc_row_inner][vc_column_inner width=&#8221;1\/4&#8243;][vc_column_text][\/vc_column_text][\/vc_column_inner][vc_column_inner width=&#8221;1\/2&#8243;][vc_column_text disable_pattern=&#8221;false&#8221; align=&#8221;center&#8221; margin_bottom=&#8221;60&#8243;]\n<p style=\"color: #898989;\">O seu contacto \u00e9 muito importante para n\u00f3s! Preencha o formul\u00e1rio abaixo com algumas informa\u00e7\u00f5es de modo a\u00a0entrarmos em contato o mais breve poss\u00edvel. Aqui pode tirar d\u00favidas, falar sobre o seu\u00a0projeto, solicitar informa\u00e7\u00f5es, pedir um or\u00e7amento ou solicitar uma visita.<\/p>\n<p style=\"color: #898989;\">Deixe-nos um recado que entraremos em contacto!<\/p>\n[\/vc_column_text][\/vc_column_inner][vc_column_inner width=&#8221;1\/4&#8243;][\/vc_column_inner][\/vc_row_inner][vc_row_inner][vc_column_inner width=&#8221;1\/6&#8243;][vc_column_text][\/vc_column_text][\/vc_column_inner][vc_column_inner width=&#8221;2\/3&#8243;][mk_contact_form skin=&#8221;light&#8221; email=&#8221;lusomercado@gmail.com&#8221; captcha=&#8221;false&#8221;][\/vc_column_inner][vc_column_inner width=&#8221;1\/6&#8243;][vc_column_text][\/vc_column_text][\/vc_column_inner][\/vc_row_inner][\/vc_column][\/mk_page_section][vc_row fullwidth=&#8221;true&#8221; padding=&#8221;0&#8243; id=&#8221;map&#8221;][vc_column][vc_empty_space][\/vc_column][\/vc_row][vc_row][vc_column][vc_gmaps link=&#8221;#E-8_JTNDaWZyYW1lJTIwd2lkdGglM0QlMjI2MDAlMjIlMjBoZWlnaHQlM0QlMjI0NTAlMjIlMjBzdHlsZSUzRCUyMmJvcmRlciUzQTAlMjIlMjBsb2FkaW5nJTNEJTIybGF6eSUyMiUyMGFsbG93ZnVsbHNjcmVlbiUyMHNyYyUzRCUyMmh0dHBzJTNBJTJGJTJGd3d3Lmdvb2dsZS5jb20lMkZtYXBzJTJGZW1iZWQlMkZ2MSUyRnBsYWNlJTNGcSUzRHBsYWNlX2lkJTNBQ2hJSkVTZEs1M2cwR1EwUjV0NXZ4UXpmWTFNJTI2a2V5JTNEQUl6YVN5QlY0MFNSTk4wYU5ZMV92cmJBZnl2cEFTLTloWjgzLVk4JTIyJTNFJTNDJTJGaWZyYW1lJTNF&#8221; title=&#8221;Estamos Aqui&#8221;][\/vc_column][\/vc_row]\n","protected":false},"excerpt":{"rendered":"<p>[mk_page_section bg_color=&#8221;#474747&#8243; bg_stretch=&#8221;true&#8221; min_height=&#8221;0&#8243; full_height=&#8221;true&#8221; sidebar=&#8221;sidebar-1&#8243; first_page=&#8221;false&#8221; last_page=&#8221;false&#8221;][vc_column][mk_fancy_title color=&#8221;#ffffff&#8221; size=&#8221;28&#8243; font_weight=&#8221;bold&#8221; font_style=&#8221;inhert&#8221; txt_transform=&#8221;uppercase&#8221; letter_spacing=&#8221;6&#8243; margin_bottom=&#8221;0&#8243; font_family=&#8221;none&#8221; align=&#8221;center&#8221;]Contacte-nos[\/mk_fancy_title][mk_divider style=&#8221;thin_solid&#8221; divider_width=&#8221;custom_width&#8221; custom_width=&#8221;30&#8243; thickness=&#8221;3&#8243; margin_top=&#8221;30&#8243; margin_bottom=&#8221;30&#8243;][vc_column_text disable_pattern=&#8221;false&#8221; align=&#8221;center&#8221; margin_bottom=&#8221;60&#8243; css=&#8221;.vc_custom_1762528359413{margin-bottom: 60px !important;}&#8221;]Rua Te\u00f3filo Braga 15b 2730-181 Barcarena E-mail: lusomercado@gmail.com Telefone: (+351) 213 463 765 Fornecemos contacto\u00a0de emerg\u00eancia dispon\u00edvel 24h aos nossos parceiros. [\/vc_column_text][vc_row_inner][vc_column_inner width=&#8221;1\/4&#8243;][vc_column_text][\/vc_column_text][\/vc_column_inner][vc_column_inner el_class=&#8221;cmk-center-align&#8221; width=&#8221;1\/2&#8243;][vc_column_text][\/vc_column_text][\/vc_column_inner][vc_column_inner width=&#8221;1\/4&#8243;][vc_column_text][\/vc_column_text][\/vc_column_inner][\/vc_row_inner][\/vc_column][\/mk_page_section][mk_page_section bg_color=&#8221;#292a2d&#8221; [&hellip;]<\/p>\n","protected":false},"author":1,"featured_media":0,"parent":4739,"menu_order":0,"comment_status":"closed","ping_status":"open","template":"","meta":[],"_links":{"self":[{"href":"https:\/\/lusomercado.com\/index.php?rest_route=\/wp\/v2\/pages\/4772"}],"collection":[{"href":"https:\/\/lusomercado.com\/index.php?rest_route=\/wp\/v2\/pages"}],"about":[{"href":"https:\/\/lusomercado.com\/index.php?rest_route=\/wp\/v2\/types\/page"}],"author":[{"embeddable":true,"href":"https:\/\/lusomercado.com\/index.php?rest_route=\/wp\/v2\/users\/1"}],"replies":[{"embeddable":true,"href":"https:\/\/lusomercado.com\/index.php?rest_route=%2Fwp%2Fv2%2Fcomments&post=4772"}],"version-history":[{"count":56,"href":"https:\/\/lusomercado.com\/index.php?rest_route=\/wp\/v2\/pages\/4772\/revisions"}],"predecessor-version":[{"id":7321,"href":"https:\/\/lusomercado.com\/index.php?rest_route=\/wp\/v2\/pages\/4772\/revisions\/7321"}],"up":[{"embeddable":true,"href":"https:\/\/lusomercado.com\/index.php?rest_route=\/wp\/v2\/pages\/4739"}],"wp:attachment":[{"href":"https:\/\/lusomercado.com\/index.php?rest_route=%2Fwp%2Fv2%2Fmedia&parent=4772"}],"curies":[{"name":"wp","href":"https:\/\/api.w.org\/{rel}","templated":true}]}}