{"id":4858,"date":"2014-09-01T18:08:31","date_gmt":"2014-09-01T18:08:31","guid":{"rendered":"http:\/\/artbees.net\/themes\/jupiter\/?page_id=4858"},"modified":"2016-09-09T12:04:45","modified_gmt":"2016-09-09T11:04:45","slug":"sobre-lusomercado","status":"publish","type":"page","link":"https:\/\/lusomercado.com\/?page_id=4858","title":{"rendered":"Sobre a Lusomercado"},"content":{"rendered":"[vc_row][vc_column width=&#8221;1\/4&#8243;][mk_fancy_title tag_name=&#8221;h2&#8243; style=&#8221;false&#8221; color=&#8221;#393836&#8243; size=&#8221;20&#8243; font_weight=&#8221;bold&#8221; font_style=&#8221;normal&#8221; txt_transform=&#8221;uppercase&#8221; letter_spacing=&#8221;1&#8243; margin_top=&#8221;0&#8243; margin_bottom=&#8221;0&#8243; font_family=&#8221;none&#8221; align=&#8221;left&#8221;]\n<p>Quem Somos<\/p>\n[\/mk_fancy_title][mk_divider style=&#8221;thin_solid&#8221; divider_width=&#8221;custom_width&#8221; custom_width=&#8221;70&#8243; align=&#8221;left&#8221; border_color=&#8221;#f97352&#8243; thickness=&#8221;3&#8243; margin_top=&#8221;15&#8243; margin_bottom=&#8221;60&#8243;][\/vc_column][vc_column width=&#8221;3\/4&#8243;][vc_row_inner attached=&#8221;true&#8221; padding=&#8221;1&#8243;][vc_column_inner width=&#8221;1\/2&#8243;][vc_column_text disable_pattern=&#8221;false&#8221; align=&#8221;left&#8221; margin_bottom=&#8221;0&#8243;]\n<p class=\"font_8\">Somos uma empresa jovem e din\u00e2mica baseada em princ\u00edpios como a simplicidade, a efic\u00e1cia e a excel\u00eancia nos servi\u00e7os que presta.<\/p>\n<p class=\"font_8\">Gostamos de ser vistos como um parceiro estrat\u00e9gico, centrado no desenvolvimento de solu\u00e7\u00f5es reais, ajustadas \u00e0s verdadeiras necessidades de cada cliente, de cujo sucesso tamb\u00e9m dependemos.<\/p>\n<p class=\"font_8\">Pretendemos ser o presente e o futuro do seu neg\u00f3cio!<\/p>\n[\/vc_column_text][\/vc_column_inner][\/vc_row_inner][mk_padding_divider size=&#8221;70&#8243;][\/vc_column][\/vc_row][mk_page_section layout_structure=&#8221;full&#8221; bg_color=&#8221;#292b2e&#8221; attachment=&#8221;scroll&#8221; bg_position=&#8221;left top&#8221; bg_repeat=&#8221;repeat&#8221; bg_stretch=&#8221;false&#8221; enable_3d=&#8221;false&#8221; speed_factor=&#8221;0.3&#8243; bg_video=&#8221;no&#8221; video_mask=&#8221;false&#8221; video_opacity=&#8221;0.6&#8243; top_shadow=&#8221;false&#8221; section_layout=&#8221;full&#8221; sidebar=&#8221;sidebar-1&#8243; min_height=&#8221;0&#8243; full_height=&#8221;false&#8221; intro_effect=&#8221;false&#8221; padding_top=&#8221;70&#8243; padding_bottom=&#8221;0&#8243; margin_bottom=&#8221;0&#8243; first_page=&#8221;false&#8221; last_page=&#8221;false&#8221;][vc_column width=&#8221;1\/1&#8243;][mk_fancy_title tag_name=&#8221;h2&#8243; style=&#8221;false&#8221; color=&#8221;#ffffff&#8221; size=&#8221;20&#8243; font_weight=&#8221;bold&#8221; font_style=&#8221;normal&#8221; txt_transform=&#8221;uppercase&#8221; letter_spacing=&#8221;1&#8243; margin_top=&#8221;0&#8243; margin_bottom=&#8221;0&#8243; font_family=&#8221;none&#8221; align=&#8221;left&#8221;]\n<p>o que nos distingue<\/p>\n[\/mk_fancy_title][mk_divider style=&#8221;thin_solid&#8221; divider_width=&#8221;custom_width&#8221; custom_width=&#8221;70&#8243; align=&#8221;left&#8221; border_color=&#8221;#f97352&#8243; thickness=&#8221;3&#8243; margin_top=&#8221;15&#8243; margin_bottom=&#8221;70&#8243;][\/vc_column][\/mk_page_section][mk_page_section layout_structure=&#8221;full&#8221; attachment=&#8221;scroll&#8221; bg_position=&#8221;left top&#8221; bg_repeat=&#8221;repeat&#8221; bg_stretch=&#8221;false&#8221; enable_3d=&#8221;false&#8221; speed_factor=&#8221;0.3&#8243; bg_video=&#8221;no&#8221; video_mask=&#8221;false&#8221; video_opacity=&#8221;0.6&#8243; top_shadow=&#8221;false&#8221; section_layout=&#8221;full&#8221; sidebar=&#8221;sidebar-1&#8243; min_height=&#8221;100&#8243; full_height=&#8221;false&#8221; intro_effect=&#8221;false&#8221; padding_top=&#8221;120&#8243; padding_bottom=&#8221;120&#8243; margin_bottom=&#8221;0&#8243; first_page=&#8221;false&#8221; last_page=&#8221;false&#8221; bg_color=&#8221;#ffffff&#8221; video_source=&#8221;self&#8221; stream_host_website=&#8221;youtube&#8221; bg_gradient=&#8221;false&#8221; gr_end=&#8221;#1e73be&#8221; full_width=&#8221;false&#8221; skip_arrow=&#8221;false&#8221; skip_arrow_skin=&#8221;light&#8221;][vc_column width=&#8221;1\/4&#8243;][mk_icon_box2 icon_type=&#8221;icon&#8221; icon_size=&#8221;48&#8243; icon=&#8221;mk-li-link&#8221; icon_color=&#8221;#f97352&#8243; icon_hover_color=&#8221;#ffffff&#8221; icon_hover_background_color=&#8221;#f97352&#8243; title=&#8221;A PARCERIA PERFEITA&#8221; title_size=&#8221;14&#8243; title_color=&#8221;#333333&#8243; title_top_padding=&#8221;50&#8243; title_bottom_padding=&#8221;15&#8243; description=&#8221;Cras dapibus arcu a neque laoreet condimentum. In in rhoncus leo. Sed mattis feugiat odio, sit amet pretium nisl egestas non. Suspendisse dui velit&#8221; description_color=&#8221;#545454&#8243; title_weight=&#8221;bold&#8221; icon_background_color=&#8221;#f0f0f0&#8243; align=&#8221;center&#8221;]\n<p>O parceiro ideal para eventos, tanto audiovisuais como back-office.<\/p>\n[\/mk_icon_box2][\/vc_column][vc_column width=&#8221;1\/4&#8243;][mk_icon_box2 icon_type=&#8221;icon&#8221; icon_size=&#8221;48&#8243; icon=&#8221;mk-moon-spotlight&#8221; icon_color=&#8221;#f97352&#8243; icon_hover_color=&#8221;#ffffff&#8221; icon_hover_background_color=&#8221;#f97352&#8243; title=&#8221;SUPORTE COM O EQUIPAMENTO&#8221; title_size=&#8221;14&#8243; title_color=&#8221;#333333&#8243; title_top_padding=&#8221;50&#8243; title_bottom_padding=&#8221;15&#8243; description=&#8221;Cras dapibus arcu a neque laoreet condimentum. In in rhoncus leo. Sed mattis feugiat odio, sit amet pretium nisl egestas non. Suspendisse dui velit&#8221; description_color=&#8221;#545454&#8243; title_weight=&#8221;bold&#8221; icon_background_color=&#8221;#f0f0f0&#8243; align=&#8221;center&#8221;]\n<p>Quando alugar o nosso equipamento, ter\u00e1 o melhor suporte para garantir um evento de sucesso.<\/p>\n[\/mk_icon_box2][\/vc_column][vc_column width=&#8221;1\/4&#8243;][mk_icon_box2 icon_type=&#8221;icon&#8221; icon_size=&#8221;48&#8243; icon=&#8221;mk-icon-group&#8221; icon_color=&#8221;#f97352&#8243; icon_hover_color=&#8221;#ffffff&#8221; icon_hover_background_color=&#8221;#f97352&#8243; title=&#8221;T\u00c9CNICOS QUALIFICADOS&#8221; title_size=&#8221;14&#8243; title_color=&#8221;#333333&#8243; title_top_padding=&#8221;50&#8243; title_bottom_padding=&#8221;15&#8243; description=&#8221;Cras dapibus arcu a neque laoreet condimentum. In in rhoncus leo. Sed mattis feugiat odio, sit amet pretium nisl egestas non. Suspendisse dui velit&#8221; description_color=&#8221;#545454&#8243; title_weight=&#8221;bold&#8221; icon_background_color=&#8221;#f0f0f0&#8243; align=&#8221;center&#8221;]\n<p>Podemos fornecer um servi\u00e7o completo de aluguer, com entrega, instala\u00e7\u00e3o e opera\u00e7\u00e3o por parte de t\u00e9cnicos altamente qualificados.<\/p>\n[\/mk_icon_box2][\/vc_column][vc_column width=&#8221;1\/4&#8243;][mk_icon_box2 icon_type=&#8221;icon&#8221; icon_size=&#8221;48&#8243; icon=&#8221;mk-moon-tree-5&#8243; icon_color=&#8221;#f97352&#8243; icon_hover_color=&#8221;#ffffff&#8221; icon_hover_background_color=&#8221;#f97352&#8243; title=&#8221;PARCEIRO ESTRAT\u00c9GICO&#8221; title_size=&#8221;14&#8243; title_color=&#8221;#333333&#8243; title_top_padding=&#8221;50&#8243; title_bottom_padding=&#8221;15&#8243; description=&#8221;Cras dapibus arcu a neque laoreet condimentum. In in rhoncus leo. Sed mattis feugiat odio, sit amet pretium nisl egestas non. Suspendisse dui velit&#8221; description_color=&#8221;#545454&#8243; title_weight=&#8221;bold&#8221; icon_background_color=&#8221;#f0f0f0&#8243; align=&#8221;center&#8221;]\n<p>Gostamos de ser vistos como um parceiro estrat\u00e9gico, centrado no desenvolvimento de solu\u00e7\u00f5es reais, ajustadas \u00e0s verdadeiras necessidades de cada cliente.<\/p>\n[\/mk_icon_box2][\/vc_column][\/mk_page_section][vc_row][vc_column width=&#8221;1\/1&#8243;][mk_padding_divider size=&#8221;70&#8243;][mk_fancy_title tag_name=&#8221;h2&#8243; style=&#8221;false&#8221; color=&#8221;#393836&#8243; size=&#8221;20&#8243; font_weight=&#8221;bold&#8221; font_style=&#8221;normal&#8221; txt_transform=&#8221;uppercase&#8221; letter_spacing=&#8221;1&#8243; margin_top=&#8221;0&#8243; margin_bottom=&#8221;0&#8243; font_family=&#8221;none&#8221; align=&#8221;left&#8221;]\n<p>CARACTER\u00cdSTICAS \u00daNICAS<\/p>\n[\/mk_fancy_title][mk_divider style=&#8221;thin_solid&#8221; divider_width=&#8221;custom_width&#8221; custom_width=&#8221;70&#8243; align=&#8221;left&#8221; border_color=&#8221;#f97352&#8243; thickness=&#8221;3&#8243; margin_top=&#8221;15&#8243; margin_bottom=&#8221;50&#8243;][mk_tab_slider tabs=&#8221;6476,6483,6486&#8243; order=&#8221;ASC&#8221; orderby=&#8221;menu_order&#8221; autoplay_time=&#8221;15729&#8243; button_size=&#8221;16&#8243;][\/vc_column][\/vc_row]\n","protected":false},"excerpt":{"rendered":"<p>[vc_row][vc_column width=&#8221;1\/4&#8243;][mk_fancy_title tag_name=&#8221;h2&#8243; style=&#8221;false&#8221; color=&#8221;#393836&#8243; size=&#8221;20&#8243; font_weight=&#8221;bold&#8221; font_style=&#8221;normal&#8221; txt_transform=&#8221;uppercase&#8221; letter_spacing=&#8221;1&#8243; margin_top=&#8221;0&#8243; margin_bottom=&#8221;0&#8243; font_family=&#8221;none&#8221; align=&#8221;left&#8221;] Quem Somos [\/mk_fancy_title][mk_divider style=&#8221;thin_solid&#8221; divider_width=&#8221;custom_width&#8221; custom_width=&#8221;70&#8243; align=&#8221;left&#8221; border_color=&#8221;#f97352&#8243; thickness=&#8221;3&#8243; margin_top=&#8221;15&#8243; margin_bottom=&#8221;60&#8243;][\/vc_column][vc_column width=&#8221;3\/4&#8243;][vc_row_inner attached=&#8221;true&#8221; padding=&#8221;1&#8243;][vc_column_inner width=&#8221;1\/2&#8243;][vc_column_text disable_pattern=&#8221;false&#8221; align=&#8221;left&#8221; margin_bottom=&#8221;0&#8243;] Somos uma empresa jovem e din\u00e2mica baseada em princ\u00edpios como a simplicidade, a efic\u00e1cia e a excel\u00eancia nos servi\u00e7os que presta. Gostamos de [&hellip;]<\/p>\n","protected":false},"author":1,"featured_media":0,"parent":4739,"menu_order":0,"comment_status":"open","ping_status":"closed","template":"","meta":[],"_links":{"self":[{"href":"https:\/\/lusomercado.com\/index.php?rest_route=\/wp\/v2\/pages\/4858"}],"collection":[{"href":"https:\/\/lusomercado.com\/index.php?rest_route=\/wp\/v2\/pages"}],"about":[{"href":"https:\/\/lusomercado.com\/index.php?rest_route=\/wp\/v2\/types\/page"}],"author":[{"embeddable":true,"href":"https:\/\/lusomercado.com\/index.php?rest_route=\/wp\/v2\/users\/1"}],"replies":[{"embeddable":true,"href":"https:\/\/lusomercado.com\/index.php?rest_route=%2Fwp%2Fv2%2Fcomments&post=4858"}],"version-history":[{"count":48,"href":"https:\/\/lusomercado.com\/index.php?rest_route=\/wp\/v2\/pages\/4858\/revisions"}],"predecessor-version":[{"id":7056,"href":"https:\/\/lusomercado.com\/index.php?rest_route=\/wp\/v2\/pages\/4858\/revisions\/7056"}],"up":[{"embeddable":true,"href":"https:\/\/lusomercado.com\/index.php?rest_route=\/wp\/v2\/pages\/4739"}],"wp:attachment":[{"href":"https:\/\/lusomercado.com\/index.php?rest_route=%2Fwp%2Fv2%2Fmedia&parent=4858"}],"curies":[{"name":"wp","href":"https:\/\/api.w.org\/{rel}","templated":true}]}}