{"id":6613,"date":"2016-02-09T14:06:55","date_gmt":"2016-02-09T14:06:55","guid":{"rendered":"http:\/\/lusomercado.com\/temp\/?page_id=6613"},"modified":"2016-09-12T23:29:51","modified_gmt":"2016-09-12T22:29:51","slug":"comunicacao-visual","status":"publish","type":"page","link":"https:\/\/lusomercado.com\/?page_id=6613","title":{"rendered":"Comunica\u00e7\u00e3o Visual"},"content":{"rendered":"[vc_row][vc_column border_color=&#8221;&#8221; visibility=&#8221;&#8221; width=&#8221;1\/2&#8243;][vc_column_text disable_pattern=&#8221;false&#8221; align=&#8221;left&#8221; margin_bottom=&#8221;20&#8243;]<b>Complementos de comunica\u00e7\u00e3o visual para qualquer tipo de evento.<\/b><\/p>\n<ul>\n<li>Flipcharts magn\u00e9ticos com ou sem rodas<\/li>\n<li>Quadros magn\u00e9ticos dupla face<\/li>\n<li>Quadros de corti\u00e7a dupla face<\/li>\n<li>Trip\u00e9s de quadro<\/li>\n<li>Biombos com ou sem leds<\/li>\n<li>Quadro de giz<\/li>\n<li>Porta bandeiras<\/li>\n<li>Pulpitos<\/li>\n<\/ul>\n[\/vc_column_text][mk_button dimension=&#8221;outline&#8221; corner_style=&#8221;full_rounded&#8221; size=&#8221;medium&#8221; outline_skin=&#8221;custom&#8221; outline_active_color=&#8221;#000000&#8243; outline_hover_color=&#8221;#f97352&#8243; bg_color=&#8221;#f97352&#8243; btn_hover_bg=&#8221;#252525&#8243; text_color=&#8221;light&#8221; icon_anim=&#8221;none&#8221; url=&#8221;http:\/\/lusomercado.pt\/?page_id=4772&#8243; target=&#8221;_self&#8221; align=&#8221;center&#8221; fullwidth=&#8221;false&#8221; button_custom_width=&#8221;0&#8243; margin_top=&#8221;0&#8243; margin_bottom=&#8221;15&#8243;]\n<p>Pedir Or\u00e7amento<\/p>\n[\/mk_button][\/vc_column][vc_column border_color=&#8221;&#8221; visibility=&#8221;&#8221; width=&#8221;1\/2&#8243;][mk_gallery images=&#8221;6705,6707,6708,6709,6710&#8243; style=&#8221;style1&#8243; column=&#8221;3&#8243; image_size=&#8221;crop&#8221; height=&#8221;500&#8243; hover_scenarios=&#8221;none&#8221; item_spacing=&#8221;2&#8243; margin_bottom=&#8221;40&#8243; frame_style=&#8221;simple&#8221; disable_title=&#8221;true&#8221; image_quality=&#8221;1&#8243; pagination=&#8221;false&#8221; count=&#8221;10&#8243; pagination_style=&#8221;1&#8243; order=&#8221;ASC&#8221; orderby=&#8221;post__in&#8221; item_id=&#8221;1409566706-540447f23c651&#8243;][\/vc_column][\/vc_row]\n","protected":false},"excerpt":{"rendered":"<p>[vc_row][vc_column border_color=&#8221;&#8221; visibility=&#8221;&#8221; width=&#8221;1\/2&#8243;][vc_column_text disable_pattern=&#8221;false&#8221; align=&#8221;left&#8221; margin_bottom=&#8221;20&#8243;]Complementos de comunica\u00e7\u00e3o visual para qualquer tipo de evento. Flipcharts magn\u00e9ticos com ou sem rodas Quadros magn\u00e9ticos dupla face Quadros de corti\u00e7a dupla face Trip\u00e9s de quadro Biombos com ou sem leds Quadro de giz Porta bandeiras Pulpitos [\/vc_column_text][mk_button dimension=&#8221;outline&#8221; corner_style=&#8221;full_rounded&#8221; size=&#8221;medium&#8221; outline_skin=&#8221;custom&#8221; outline_active_color=&#8221;#000000&#8243; outline_hover_color=&#8221;#f97352&#8243; bg_color=&#8221;#f97352&#8243; btn_hover_bg=&#8221;#252525&#8243; text_color=&#8221;light&#8221; icon_anim=&#8221;none&#8221; [&hellip;]<\/p>\n","protected":false},"author":1,"featured_media":0,"parent":4739,"menu_order":0,"comment_status":"open","ping_status":"closed","template":"","meta":[],"_links":{"self":[{"href":"https:\/\/lusomercado.com\/index.php?rest_route=\/wp\/v2\/pages\/6613"}],"collection":[{"href":"https:\/\/lusomercado.com\/index.php?rest_route=\/wp\/v2\/pages"}],"about":[{"href":"https:\/\/lusomercado.com\/index.php?rest_route=\/wp\/v2\/types\/page"}],"author":[{"embeddable":true,"href":"https:\/\/lusomercado.com\/index.php?rest_route=\/wp\/v2\/users\/1"}],"replies":[{"embeddable":true,"href":"https:\/\/lusomercado.com\/index.php?rest_route=%2Fwp%2Fv2%2Fcomments&post=6613"}],"version-history":[{"count":15,"href":"https:\/\/lusomercado.com\/index.php?rest_route=\/wp\/v2\/pages\/6613\/revisions"}],"predecessor-version":[{"id":7089,"href":"https:\/\/lusomercado.com\/index.php?rest_route=\/wp\/v2\/pages\/6613\/revisions\/7089"}],"up":[{"embeddable":true,"href":"https:\/\/lusomercado.com\/index.php?rest_route=\/wp\/v2\/pages\/4739"}],"wp:attachment":[{"href":"https:\/\/lusomercado.com\/index.php?rest_route=%2Fwp%2Fv2%2Fmedia&parent=6613"}],"curies":[{"name":"wp","href":"https:\/\/api.w.org\/{rel}","templated":true}]}}