{"id":7234,"date":"2019-03-05T14:36:08","date_gmt":"2019-03-05T14:36:08","guid":{"rendered":"http:\/\/lusomercado.com\/?page_id=7234"},"modified":"2019-03-05T15:32:15","modified_gmt":"2019-03-05T15:32:15","slug":"aderecos","status":"publish","type":"page","link":"https:\/\/lusomercado.com\/?page_id=7234","title":{"rendered":"Adere\u00e7os"},"content":{"rendered":"[vc_row][vc_column border_color=&#8221;&#8221; visibility=&#8221;&#8221; width=&#8221;1\/2&#8243;][vc_column_text disable_pattern=&#8221;false&#8221; align=&#8221;left&#8221; margin_bottom=&#8221;20&#8243;]<b>Temos os adere\u00e7os que necessita para a sua filmagem ou sess\u00e3o fotogr\u00e1fica.<\/b><\/p>\n<ul>\n<li>M\u00e1quinas de escrever<\/li>\n<li>M\u00e1quinas registadoras<\/li>\n<li>M\u00e1quinas de calcular<\/li>\n<li>Monitores e televis\u00f5es<\/li>\n<li>Cameras fotogr\u00e1ficas<\/li>\n<li>Computadores<\/li>\n<li>Telem\u00f3veis e tablets<\/li>\n<li>Mockups<\/li>\n<li>Motas<\/li>\n<\/ul>\n<p>Consulta a nossa lista de material <a href=\"http:\/\/www.aluga.lusomercado.com\" target=\"_blank\" rel=\"noopener noreferrer\">AQUI.<\/a>&nbsp;Se n\u00e3o encontrar o que procura contacte-nos.[\/vc_column_text][\/vc_column][vc_column border_color=&#8221;&#8221; visibility=&#8221;&#8221; width=&#8221;1\/2&#8243;][mk_gallery style=&#8221;style3&#8243; column=&#8221;2&#8243; image_size=&#8221;crop&#8221; height=&#8221;500&#8243; hover_scenarios=&#8221;none&#8221; item_spacing=&#8221;2&#8243; margin_bottom=&#8221;40&#8243; frame_style=&#8221;simple&#8221; disable_title=&#8221;true&#8221; image_quality=&#8221;1&#8243; pagination=&#8221;false&#8221; count=&#8221;10&#8243; pagination_style=&#8221;1&#8243; order=&#8221;ASC&#8221; orderby=&#8221;post__in&#8221; item_id=&#8221;1409566706-540447f23c651&#8243; images=&#8221;6627,6514,6391,6917,6637&#8243;][mk_button dimension=&#8221;outline&#8221; corner_style=&#8221;full_rounded&#8221; size=&#8221;medium&#8221; outline_skin=&#8221;custom&#8221; outline_active_color=&#8221;#000000&#8243; outline_hover_color=&#8221;#f97352&#8243; bg_color=&#8221;#f97352&#8243; btn_hover_bg=&#8221;#252525&#8243; text_color=&#8221;light&#8221; icon_anim=&#8221;none&#8221; url=&#8221;http:\/\/lusomercado.pt\/?page_id=4772&#8243; target=&#8221;_self&#8221; align=&#8221;center&#8221; fullwidth=&#8221;false&#8221; button_custom_width=&#8221;0&#8243; margin_top=&#8221;0&#8243; margin_bottom=&#8221;15&#8243;]\n<p>Contactar<\/p>\n[\/mk_button][\/vc_column][\/vc_row][vc_row fullwidth=&#8221;false&#8221; attached=&#8221;false&#8221; padding=&#8221;0&#8243; visibility=&#8221;&#8221; animation=&#8221;&#8221;][vc_column border_color=&#8221;&#8221; visibility=&#8221;&#8221; width=&#8221;1\/1&#8243;][vc_column_text]\n[\/vc_column_text][\/vc_column][\/vc_row]\n","protected":false},"excerpt":{"rendered":"<p>[vc_row][vc_column border_color=&#8221;&#8221; visibility=&#8221;&#8221; width=&#8221;1\/2&#8243;][vc_column_text disable_pattern=&#8221;false&#8221; align=&#8221;left&#8221; margin_bottom=&#8221;20&#8243;]Temos os adere\u00e7os que necessita para a sua filmagem ou sess\u00e3o fotogr\u00e1fica. M\u00e1quinas de escrever M\u00e1quinas registadoras M\u00e1quinas de calcular Monitores e televis\u00f5es Cameras fotogr\u00e1ficas Computadores Telem\u00f3veis e tablets Mockups Motas Consulta a nossa lista de material AQUI.&nbsp;Se n\u00e3o encontrar o que procura contacte-nos.[\/vc_column_text][\/vc_column][vc_column border_color=&#8221;&#8221; visibility=&#8221;&#8221; width=&#8221;1\/2&#8243;][mk_gallery style=&#8221;style3&#8243; column=&#8221;2&#8243; [&hellip;]<\/p>\n","protected":false},"author":1,"featured_media":0,"parent":4739,"menu_order":0,"comment_status":"open","ping_status":"closed","template":"","meta":[],"_links":{"self":[{"href":"https:\/\/lusomercado.com\/index.php?rest_route=\/wp\/v2\/pages\/7234"}],"collection":[{"href":"https:\/\/lusomercado.com\/index.php?rest_route=\/wp\/v2\/pages"}],"about":[{"href":"https:\/\/lusomercado.com\/index.php?rest_route=\/wp\/v2\/types\/page"}],"author":[{"embeddable":true,"href":"https:\/\/lusomercado.com\/index.php?rest_route=\/wp\/v2\/users\/1"}],"replies":[{"embeddable":true,"href":"https:\/\/lusomercado.com\/index.php?rest_route=%2Fwp%2Fv2%2Fcomments&post=7234"}],"version-history":[{"count":1,"href":"https:\/\/lusomercado.com\/index.php?rest_route=\/wp\/v2\/pages\/7234\/revisions"}],"predecessor-version":[{"id":7235,"href":"https:\/\/lusomercado.com\/index.php?rest_route=\/wp\/v2\/pages\/7234\/revisions\/7235"}],"up":[{"embeddable":true,"href":"https:\/\/lusomercado.com\/index.php?rest_route=\/wp\/v2\/pages\/4739"}],"wp:attachment":[{"href":"https:\/\/lusomercado.com\/index.php?rest_route=%2Fwp%2Fv2%2Fmedia&parent=7234"}],"curies":[{"name":"wp","href":"https:\/\/api.w.org\/{rel}","templated":true}]}}